{"id":95,"date":"2024-02-04T16:10:33","date_gmt":"2024-02-04T16:10:33","guid":{"rendered":"https:\/\/game-cid.de\/?page_id=95"},"modified":"2024-02-12T16:36:26","modified_gmt":"2024-02-12T16:36:26","slug":"cid-anleitung-2024","status":"publish","type":"page","link":"https:\/\/game-cid.de\/?page_id=95","title":{"rendered":"cid anleitung 2024"},"content":{"rendered":"\t\t<div data-elementor-type=\"wp-page\" data-elementor-id=\"95\" class=\"elementor elementor-95\" data-elementor-post-type=\"page\">\n\t\t\t\t<div class=\"elementor-element elementor-element-9965bf6 e-flex e-con-boxed e-con e-parent\" data-id=\"9965bf6\" data-element_type=\"container\">\n\t\t\t\t\t<div class=\"e-con-inner\">\n\t\t<div class=\"elementor-element elementor-element-0a6efdc e-flex e-con-boxed e-con e-child\" data-id=\"0a6efdc\" data-element_type=\"container\">\n\t\t\t\t\t<div class=\"e-con-inner\">\n\t\t\t\t<div class=\"elementor-element elementor-element-dcb2f74 elementor-widget elementor-widget-heading\" data-id=\"dcb2f74\" data-element_type=\"widget\" data-widget_type=\"heading.default\">\n\t\t\t\t<div class=\"elementor-widget-container\">\n\t\t\t\t\t<h2 class=\"elementor-heading-title elementor-size-default\">CID - das Spiel<\/h2>\t\t\t\t<\/div>\n\t\t\t\t<\/div>\n\t\t\t\t<div class=\"elementor-element elementor-element-c2c24a2 elementor-widget elementor-widget-heading\" data-id=\"c2c24a2\" data-element_type=\"widget\" data-widget_type=\"heading.default\">\n\t\t\t\t<div class=\"elementor-widget-container\">\n\t\t\t\t\t<h2 class=\"elementor-heading-title elementor-size-default\">Creative Intelligent Design<\/h2>\t\t\t\t<\/div>\n\t\t\t\t<\/div>\n\t\t\t\t\t<\/div>\n\t\t\t\t<\/div>\n\t\t\t\t\t<\/div>\n\t\t\t\t<\/div>\n\t\t<div class=\"elementor-element elementor-element-209c74b e-flex e-con-boxed e-con e-parent\" data-id=\"209c74b\" data-element_type=\"container\">\n\t\t\t\t\t<div class=\"e-con-inner\">\n\t\t<div class=\"elementor-element elementor-element-d3587e8 e-con-full e-flex e-con e-child\" data-id=\"d3587e8\" data-element_type=\"container\">\n\t\t\t\t<div class=\"elementor-element elementor-element-9cd5304 elementor-widget elementor-widget-image\" data-id=\"9cd5304\" data-element_type=\"widget\" data-widget_type=\"image.default\">\n\t\t\t\t<div class=\"elementor-widget-container\">\n\t\t\t\t\t\t\t\t\t\t\t\t\t\t\t<img fetchpriority=\"high\" decoding=\"async\" width=\"800\" height=\"800\" src=\"https:\/\/i0.wp.com\/game-cid.de\/wp-content\/uploads\/2024\/02\/fe93c0f9-ba9e-462a-b9a9-3f22c8fbfc87.jpeg?fit=800%2C800&amp;ssl=1\" class=\"attachment-large size-large wp-image-403\" alt=\"\" srcset=\"https:\/\/i0.wp.com\/game-cid.de\/wp-content\/uploads\/2024\/02\/fe93c0f9-ba9e-462a-b9a9-3f22c8fbfc87.jpeg?w=1024&amp;ssl=1 1024w, https:\/\/i0.wp.com\/game-cid.de\/wp-content\/uploads\/2024\/02\/fe93c0f9-ba9e-462a-b9a9-3f22c8fbfc87.jpeg?resize=300%2C300&amp;ssl=1 300w, https:\/\/i0.wp.com\/game-cid.de\/wp-content\/uploads\/2024\/02\/fe93c0f9-ba9e-462a-b9a9-3f22c8fbfc87.jpeg?resize=150%2C150&amp;ssl=1 150w, https:\/\/i0.wp.com\/game-cid.de\/wp-content\/uploads\/2024\/02\/fe93c0f9-ba9e-462a-b9a9-3f22c8fbfc87.jpeg?resize=768%2C768&amp;ssl=1 768w\" sizes=\"(max-width: 800px) 100vw, 800px\" \/>\t\t\t\t\t\t\t\t\t\t\t\t\t\t\t<\/div>\n\t\t\t\t<\/div>\n\t\t\t\t<div class=\"elementor-element elementor-element-4c055bf elementor-hidden-mobile elementor-widget elementor-widget-image\" data-id=\"4c055bf\" data-element_type=\"widget\" data-widget_type=\"image.default\">\n\t\t\t\t<div class=\"elementor-widget-container\">\n\t\t\t\t\t\t\t\t\t\t\t\t\t\t\t<img decoding=\"async\" width=\"800\" height=\"800\" src=\"https:\/\/i0.wp.com\/game-cid.de\/wp-content\/uploads\/2024\/02\/68077e78-371c-41d6-b643-0564e907745f.jpeg?fit=800%2C800&amp;ssl=1\" class=\"attachment-large size-large wp-image-418\" alt=\"\" srcset=\"https:\/\/i0.wp.com\/game-cid.de\/wp-content\/uploads\/2024\/02\/68077e78-371c-41d6-b643-0564e907745f.jpeg?w=1024&amp;ssl=1 1024w, https:\/\/i0.wp.com\/game-cid.de\/wp-content\/uploads\/2024\/02\/68077e78-371c-41d6-b643-0564e907745f.jpeg?resize=300%2C300&amp;ssl=1 300w, https:\/\/i0.wp.com\/game-cid.de\/wp-content\/uploads\/2024\/02\/68077e78-371c-41d6-b643-0564e907745f.jpeg?resize=150%2C150&amp;ssl=1 150w, https:\/\/i0.wp.com\/game-cid.de\/wp-content\/uploads\/2024\/02\/68077e78-371c-41d6-b643-0564e907745f.jpeg?resize=768%2C768&amp;ssl=1 768w\" sizes=\"(max-width: 800px) 100vw, 800px\" \/>\t\t\t\t\t\t\t\t\t\t\t\t\t\t\t<\/div>\n\t\t\t\t<\/div>\n\t\t\t\t<\/div>\n\t\t<div class=\"elementor-element elementor-element-8b6b96f e-con-full e-flex e-con e-child\" data-id=\"8b6b96f\" data-element_type=\"container\">\n\t\t\t\t<div class=\"elementor-element elementor-element-9bf79ae elementor-widget elementor-widget-heading\" data-id=\"9bf79ae\" data-element_type=\"widget\" data-widget_type=\"heading.default\">\n\t\t\t\t<div class=\"elementor-widget-container\">\n\t\t\t\t\t<h1 class=\"elementor-heading-title elementor-size-default\">Spielanleitung<\/h1>\t\t\t\t<\/div>\n\t\t\t\t<\/div>\n\t\t\t\t<div class=\"elementor-element elementor-element-e4292a7 elementor-widget elementor-widget-text-editor\" data-id=\"e4292a7\" data-element_type=\"widget\" data-widget_type=\"text-editor.default\">\n\t\t\t\t<div class=\"elementor-widget-container\">\n\t\t\t\t\t\t\t\t\t<p>CID \u2013 &#8222;das Spiel\u201c wird mit einem Spielf\u00fchrer und beliebig vielen Teams gespielt, wobei wir 2-4 Teams empfehlen.<\/p>\n<p>Die Karten werden gemischt und in einem Stapel verdeckt auf den Tisch gelegt. Die oberste Karte wird aufgedeckt. Nur der Spielf\u00fchrer kennt die richtige L\u00f6sung der Karten..<\/p>\n<p>Wenn das beginnende Team das erste R\u00e4tsel l\u00f6sen kann, beh\u00e4lt es die Karte und bekommt die entsprechende Punktzahl gutgeschrieben. Das n\u00e4chste Team darf die folgende, neu aufgedeckte Karte erraten.<\/p>\n<p>Wird eine Karte nicht richtig erraten, kann das n\u00e4chste Team versuchen, das R\u00e4tsel zu l\u00f6sen und die Punkte f\u00fcr sich zu gewinnen.<\/p>\n<p>Die spielenden Teams haben nur eine begrenzte Zeit (nach Absprache, evtl. verschiedene&nbsp; Zeiten is nach Schwierigkeitsgrad), um die R\u00e4tsel zu l\u00f6sen. Spezielle Wortspiel-Karten werden genauso behandelt wie Bildspiel-Karten.<\/p>\n<p>Zieht ein Team einen \u201cJoker\u201d, wird diesem automatisch die angegebene Punktzahl gutgeschrieben und es kann mit der n\u00e4chsten Karte fortgefahren werden. Sollte ein Team jedoch eine \u201cJoke\u201d-Karte ziehen, wird diesem die angegebene Punktzahl abgezogen und es darf die Runde nicht fortsetzen. Kann ein Kartenr\u00e4tsel von keinem der Teams gel\u00f6st werden, wird dieses zum erneuten Raten wieder unter den Kartenstapel gelegt.<\/p>\n<p>Nachdem alle Karten aus dem Stapel richtig erraten wurden, ist das Spiel vorbei.<br>Sind noch ungel\u00f6ste Karten auf dem Tisch, darf der Spielf\u00fchrer diese aufl\u00f6sen.<\/p>\n<p>Ziel des Spiels ist es, mit der h\u00f6chsten Punktzahl zu gewinnen.<\/p>\t\t\t\t\t\t\t\t<\/div>\n\t\t\t\t<\/div>\n\t\t\t\t<\/div>\n\t\t\t\t\t<\/div>\n\t\t\t\t<\/div>\n\t\t\t\t<\/div>\n\t\t","protected":false},"excerpt":{"rendered":"<p>CID &#8211; das Spiel Creative Intelligent Design Spielanleitung CID \u2013 &#8222;das Spiel\u201c wird mit einem Spielf\u00fchrer und beliebig vielen Teams gespielt, wobei wir 2-4 Teams empfehlen. Die Karten werden gemischt und in einem Stapel verdeckt auf den Tisch gelegt. Die oberste Karte wird aufgedeckt. Nur der Spielf\u00fchrer kennt die richtige L\u00f6sung der Karten.. Wenn das [&hellip;]<\/p>\n","protected":false},"author":1,"featured_media":0,"parent":0,"menu_order":0,"comment_status":"closed","ping_status":"closed","template":"","meta":{"jetpack_post_was_ever_published":false,"footnotes":""},"jetpack_sharing_enabled":true,"jetpack-related-posts":[],"_links":{"self":[{"href":"https:\/\/game-cid.de\/index.php?rest_route=\/wp\/v2\/pages\/95"}],"collection":[{"href":"https:\/\/game-cid.de\/index.php?rest_route=\/wp\/v2\/pages"}],"about":[{"href":"https:\/\/game-cid.de\/index.php?rest_route=\/wp\/v2\/types\/page"}],"author":[{"embeddable":true,"href":"https:\/\/game-cid.de\/index.php?rest_route=\/wp\/v2\/users\/1"}],"replies":[{"embeddable":true,"href":"https:\/\/game-cid.de\/index.php?rest_route=%2Fwp%2Fv2%2Fcomments&post=95"}],"version-history":[{"count":46,"href":"https:\/\/game-cid.de\/index.php?rest_route=\/wp\/v2\/pages\/95\/revisions"}],"predecessor-version":[{"id":475,"href":"https:\/\/game-cid.de\/index.php?rest_route=\/wp\/v2\/pages\/95\/revisions\/475"}],"wp:attachment":[{"href":"https:\/\/game-cid.de\/index.php?rest_route=%2Fwp%2Fv2%2Fmedia&parent=95"}],"curies":[{"name":"wp","href":"https:\/\/api.w.org\/{rel}","templated":true}]}}