{"id":2,"date":"2016-05-10T03:48:21","date_gmt":"2016-05-10T03:48:21","guid":{"rendered":"https:\/\/game-cid.de\/?page_id=2"},"modified":"2024-02-12T16:47:32","modified_gmt":"2024-02-12T16:47:32","slug":"sample-page","status":"publish","type":"page","link":"https:\/\/game-cid.de\/?page_id=2","title":{"rendered":"Inhalt"},"content":{"rendered":"\t\t<div data-elementor-type=\"wp-page\" data-elementor-id=\"2\" class=\"elementor elementor-2\" data-elementor-post-type=\"page\">\n\t\t\t\t<div class=\"elementor-element elementor-element-d54d1a8 e-flex e-con-boxed e-con e-parent\" data-id=\"d54d1a8\" data-element_type=\"container\">\n\t\t\t\t\t<div class=\"e-con-inner\">\n\t\t\t\t<div class=\"elementor-element elementor-element-9053659 elementor-widget elementor-widget-heading\" data-id=\"9053659\" data-element_type=\"widget\" data-widget_type=\"heading.default\">\n\t\t\t\t<div class=\"elementor-widget-container\">\n\t\t\t\t\t<h2 class=\"elementor-heading-title elementor-size-default\">CID - das Spiel<\/h2>\t\t\t\t<\/div>\n\t\t\t\t<\/div>\n\t\t\t\t<div class=\"elementor-element elementor-element-c1f4410 elementor-widget elementor-widget-heading\" data-id=\"c1f4410\" data-element_type=\"widget\" data-widget_type=\"heading.default\">\n\t\t\t\t<div class=\"elementor-widget-container\">\n\t\t\t\t\t<h2 class=\"elementor-heading-title elementor-size-default\">Creative Intelligent Design<\/h2>\t\t\t\t<\/div>\n\t\t\t\t<\/div>\n\t\t\t\t\t<\/div>\n\t\t\t\t<\/div>\n\t\t<div class=\"elementor-element elementor-element-809bad1 e-flex e-con-boxed e-con e-parent\" data-id=\"809bad1\" data-element_type=\"container\">\n\t\t\t\t\t<div class=\"e-con-inner\">\n\t\t\t\t<div class=\"elementor-element elementor-element-3fb4517 elementor-widget elementor-widget-image\" data-id=\"3fb4517\" data-element_type=\"widget\" data-widget_type=\"image.default\">\n\t\t\t\t<div class=\"elementor-widget-container\">\n\t\t\t\t\t\t\t\t\t\t\t\t\t\t\t\t<a href=\"https:\/\/game-cid.de\/\">\n\t\t\t\t\t\t\t<img fetchpriority=\"high\" decoding=\"async\" width=\"300\" height=\"202\" src=\"https:\/\/i0.wp.com\/game-cid.de\/wp-content\/uploads\/2024\/01\/cropped-cards_logo-1.png?fit=300%2C202&amp;ssl=1\" class=\"attachment-medium size-medium wp-image-156\" alt=\"\" srcset=\"https:\/\/i0.wp.com\/game-cid.de\/wp-content\/uploads\/2024\/01\/cropped-cards_logo-1.png?w=1920&amp;ssl=1 1920w, https:\/\/i0.wp.com\/game-cid.de\/wp-content\/uploads\/2024\/01\/cropped-cards_logo-1.png?resize=300%2C202&amp;ssl=1 300w, https:\/\/i0.wp.com\/game-cid.de\/wp-content\/uploads\/2024\/01\/cropped-cards_logo-1.png?resize=1024%2C690&amp;ssl=1 1024w, https:\/\/i0.wp.com\/game-cid.de\/wp-content\/uploads\/2024\/01\/cropped-cards_logo-1.png?resize=768%2C518&amp;ssl=1 768w, https:\/\/i0.wp.com\/game-cid.de\/wp-content\/uploads\/2024\/01\/cropped-cards_logo-1.png?resize=1536%2C1035&amp;ssl=1 1536w, https:\/\/i0.wp.com\/game-cid.de\/wp-content\/uploads\/2024\/01\/cropped-cards_logo-1.png?w=1600&amp;ssl=1 1600w\" sizes=\"(max-width: 300px) 100vw, 300px\" \/>\t\t\t\t\t\t\t\t<\/a>\n\t\t\t\t\t\t\t\t\t\t\t\t\t\t\t<\/div>\n\t\t\t\t<\/div>\n\t\t\t\t\t<\/div>\n\t\t\t\t<\/div>\n\t\t<div class=\"elementor-element elementor-element-181c9e71 e-flex e-con-boxed e-con e-parent\" data-id=\"181c9e71\" data-element_type=\"container\">\n\t\t\t\t\t<div class=\"e-con-inner\">\n\t\t\t\t<div class=\"elementor-element elementor-element-32eb4b5 elementor-widget elementor-widget-heading\" data-id=\"32eb4b5\" data-element_type=\"widget\" data-widget_type=\"heading.default\">\n\t\t\t\t<div class=\"elementor-widget-container\">\n\t\t\t\t\t<h2 class=\"elementor-heading-title elementor-size-default\">Inhalt Hardcopy (analoges) Spiel<\/h2>\t\t\t\t<\/div>\n\t\t\t\t<\/div>\n\t\t\t\t<div class=\"elementor-element elementor-element-19b8aa13 elementor-widget elementor-widget-text-editor\" data-id=\"19b8aa13\" data-element_type=\"widget\" data-widget_type=\"text-editor.default\">\n\t\t\t\t<div class=\"elementor-widget-container\">\n\t\t\t\t\t\t\t\t\t<p><strong>Anzahl der Spieler:<\/strong>\u00a0\u00a0\u00a0\u00a0\u00a0\u00a0\u00a0\u00a0\u00a0\u00a0<\/p><ul><li>2-4 Teams (empfohlen) plus 1 Spielf\u00fchrer<br \/>(Online: unbegrenzt)<\/li><\/ul><p><strong><br \/>Alter:<\/strong>\u00a08-99 Jahre<\/p><p><strong>Spieldauer:<\/strong>\u00a060-90 Minuten<\/p><p><strong>Inhalt\/Material:<\/strong><\/p><ul><li>128 Spielkarten. Davon sind:<ul><li>90 Bilderr\u00e4tsel-Karten (30 pro Schwierigkeitsgrad)<\/li><li>30 Wortr\u00e4tsel-Karten<\/li><li>4 \u201eJoker\u201c + 4 \u201eJoke\u201c-Karten<\/li><\/ul><\/li><li>Spielanleitung<\/li><li>L\u00f6sungen f\u00fcr den Spielf\u00fchrer<br \/><br \/><\/li><\/ul><p><strong>Ende des Spiels:<br \/><\/strong>Das Team mit der h\u00f6chsten Punktzahl am Ende gewinnt das Spiel.<\/p>\t\t\t\t\t\t\t\t<\/div>\n\t\t\t\t<\/div>\n\t\t\t\t\t<\/div>\n\t\t\t\t<\/div>\n\t\t\t\t<\/div>\n\t\t","protected":false},"excerpt":{"rendered":"<p>CID &#8211; das Spiel Creative Intelligent Design Inhalt Hardcopy (analoges) Spiel Anzahl der Spieler:\u00a0\u00a0\u00a0\u00a0\u00a0\u00a0\u00a0\u00a0\u00a0\u00a0 2-4 Teams (empfohlen) plus 1 Spielf\u00fchrer(Online: unbegrenzt) Alter:\u00a08-99 Jahre Spieldauer:\u00a060-90 Minuten Inhalt\/Material: 128 Spielkarten. Davon sind: 90 Bilderr\u00e4tsel-Karten (30 pro Schwierigkeitsgrad) 30 Wortr\u00e4tsel-Karten 4 \u201eJoker\u201c + 4 \u201eJoke\u201c-Karten Spielanleitung L\u00f6sungen f\u00fcr den Spielf\u00fchrer Ende des Spiels:Das Team mit der h\u00f6chsten Punktzahl [&hellip;]<\/p>\n","protected":false},"author":1,"featured_media":32,"parent":0,"menu_order":0,"comment_status":"closed","ping_status":"open","template":"","meta":{"jetpack_post_was_ever_published":false,"footnotes":""},"jetpack_sharing_enabled":true,"jetpack-related-posts":[],"_links":{"self":[{"href":"https:\/\/game-cid.de\/index.php?rest_route=\/wp\/v2\/pages\/2"}],"collection":[{"href":"https:\/\/game-cid.de\/index.php?rest_route=\/wp\/v2\/pages"}],"about":[{"href":"https:\/\/game-cid.de\/index.php?rest_route=\/wp\/v2\/types\/page"}],"author":[{"embeddable":true,"href":"https:\/\/game-cid.de\/index.php?rest_route=\/wp\/v2\/users\/1"}],"replies":[{"embeddable":true,"href":"https:\/\/game-cid.de\/index.php?rest_route=%2Fwp%2Fv2%2Fcomments&post=2"}],"version-history":[{"count":36,"href":"https:\/\/game-cid.de\/index.php?rest_route=\/wp\/v2\/pages\/2\/revisions"}],"predecessor-version":[{"id":478,"href":"https:\/\/game-cid.de\/index.php?rest_route=\/wp\/v2\/pages\/2\/revisions\/478"}],"wp:featuredmedia":[{"embeddable":true,"href":"https:\/\/game-cid.de\/index.php?rest_route=\/wp\/v2\/media\/32"}],"wp:attachment":[{"href":"https:\/\/game-cid.de\/index.php?rest_route=%2Fwp%2Fv2%2Fmedia&parent=2"}],"curies":[{"name":"wp","href":"https:\/\/api.w.org\/{rel}","templated":true}]}}